{"id":299,"date":"2022-09-14T07:27:34","date_gmt":"2022-09-14T07:27:34","guid":{"rendered":"https:\/\/thirylaurent.be\/?page_id=299"},"modified":"2022-09-14T07:45:49","modified_gmt":"2022-09-14T07:45:49","slug":"vie-privee-et-rgpd","status":"publish","type":"page","link":"https:\/\/thirylaurent.be\/index.php\/vie-privee-et-rgpd\/","title":{"rendered":"Vie priv\u00e9e et RGPD"},"content":{"rendered":"\n<p>Thiry Laurent sprl est soucieuse de la protection des donn\u00e9es personnelles et s\u2019engage \u00e0 assurer le meilleur niveau de protection \u00e0 vos donn\u00e9es personnelles en conformit\u00e9 avec les lois et r\u00e8glements en vigueur.<\/p>\n\n\n\n<p>Nous tenons \u00e0 vous informer en toute transparence et clart\u00e9 sur la fa\u00e7on dont nous traitons vos donn\u00e9es \u00e0 caract\u00e8re personnel.<\/p>\n\n\n\n<h5 class=\"wp-block-heading\">Quelles donn\u00e9es personnelles sont collect\u00e9es et quand ?<\/h5>\n\n\n\n<p>Les donn\u00e9es que vous choisissez de nous envoyer pour nous contacter renseign\u00e9es dans le formulaire sur notre site ne sont pas stock\u00e9es sur le site. Elles sont envoy\u00e9es par l&#8217;interm\u00e9diaire d&#8217;un email sur notre messagerie info@thirylaurent.be<\/p>\n\n\n\n<h5 class=\"wp-block-heading\">Destinataire des donn\u00e9es<\/h5>\n\n\n\n<p>Thiry Laurent sprt dispose d\u2019un site internet \u00ab&nbsp;vitrine&nbsp;\u00bb, qui pr\u00e9sente ses activit\u00e9s. Ce site permet, via un formulaire de contact en ligne, de recevoir les demandes de devis et demandes d&#8217;informations des internautes. Les donn\u00e9es collect\u00e9es \u00e0 cette occasion sont enregistr\u00e9es dans un fichier de prospects.<\/p>\n\n\n\n<p>Les donn\u00e9es collect\u00e9es \u00e0 cette occasion sur le site&nbsp;<a href=\"https:\/\/www.laroumaniere.com\/\">www.<\/a><a href=\"https:\/\/www.thirylaurent.be\">thirylaurent.be<\/a>&nbsp;sont exclusivement destin\u00e9es \u00e0 Thiry Laurent sprl. Elles ne sont \u00e0 aucun moment partag\u00e9es avec une soci\u00e9t\u00e9 tierce ni transf\u00e9r\u00e9es hors UE.<\/p>\n\n\n\n<h5 class=\"wp-block-heading\">Vos droits<\/h5>\n\n\n\n<p>Vous pouvez acc\u00e9der aux donn\u00e9es vous concernant, les rectifier ou les faire effacer. Vous disposez \u00e9galement d&#8217;un droit \u00e0 la portabilit\u00e9 et d\u2019un droit \u00e0 la limitation du traitement de vos donn\u00e9es<\/p>\n\n\n\n<p>Pour exercer ces droits ou pour toute question sur le traitement de vos donn\u00e9es dans ce dispositif, vous pouvez nous contacter&nbsp;: <br>&#8211; par e-mail: <a href=\"mailto:info@thirylaurent.be\">info@thirylaurent.be<\/a> ou <br>&#8211; par t\u00e9l\u00e9phone  +32 61 50 02 91<\/p>\n","protected":false},"excerpt":{"rendered":"<p>Thiry Laurent sprl est soucieuse de la protection des donn\u00e9es personnelles et s\u2019engage \u00e0 assurer le meilleur niveau de protection \u00e0 vos donn\u00e9es personnelles en conformit\u00e9 avec les lois et r\u00e8glements en vigueur. Nous tenons \u00e0 vous informer en toute transparence et clart\u00e9 sur la fa\u00e7on dont nous traitons vos donn\u00e9es \u00e0 caract\u00e8re personnel. Quelles<a class=\"more-link\" href=\"https:\/\/thirylaurent.be\/index.php\/vie-privee-et-rgpd\/\">Continue reading <span class=\"screen-reader-text\">&#8220;Vie priv\u00e9e et RGPD&#8221;<\/span><\/a><\/p>\n","protected":false},"author":1,"featured_media":0,"parent":0,"menu_order":0,"comment_status":"closed","ping_status":"closed","template":"","meta":{"om_disable_all_campaigns":false,"footnotes":""},"class_list":["post-299","page","type-page","status-publish","hentry","entry"],"aioseo_notices":[],"jetpack_sharing_enabled":true,"_links":{"self":[{"href":"https:\/\/thirylaurent.be\/index.php\/wp-json\/wp\/v2\/pages\/299","targetHints":{"allow":["GET"]}}],"collection":[{"href":"https:\/\/thirylaurent.be\/index.php\/wp-json\/wp\/v2\/pages"}],"about":[{"href":"https:\/\/thirylaurent.be\/index.php\/wp-json\/wp\/v2\/types\/page"}],"author":[{"embeddable":true,"href":"https:\/\/thirylaurent.be\/index.php\/wp-json\/wp\/v2\/users\/1"}],"replies":[{"embeddable":true,"href":"https:\/\/thirylaurent.be\/index.php\/wp-json\/wp\/v2\/comments?post=299"}],"version-history":[{"count":3,"href":"https:\/\/thirylaurent.be\/index.php\/wp-json\/wp\/v2\/pages\/299\/revisions"}],"predecessor-version":[{"id":310,"href":"https:\/\/thirylaurent.be\/index.php\/wp-json\/wp\/v2\/pages\/299\/revisions\/310"}],"wp:attachment":[{"href":"https:\/\/thirylaurent.be\/index.php\/wp-json\/wp\/v2\/media?parent=299"}],"curies":[{"name":"wp","href":"https:\/\/api.w.org\/{rel}","templated":true}]}}