{"id":183,"date":"2022-09-13T07:00:34","date_gmt":"2022-09-13T07:00:34","guid":{"rendered":"https:\/\/thirylaurent.be\/?page_id=183"},"modified":"2022-09-14T07:49:59","modified_gmt":"2022-09-14T07:49:59","slug":"contactez-nous","status":"publish","type":"page","link":"https:\/\/thirylaurent.be\/index.php\/contactez-nous\/","title":{"rendered":"Contactez-nous"},"content":{"rendered":"\n<div class=\"wp-block-columns alignfull is-layout-flex wp-container-core-columns-is-layout-28f84493 wp-block-columns-is-layout-flex\">\n<div class=\"wp-block-column is-layout-flow wp-block-column-is-layout-flow\" style=\"flex-basis:33.33%\">\n<div class=\"wp-block-cover aligncenter is-light\" style=\"min-height:778px;aspect-ratio:unset;\"><span aria-hidden=\"true\" class=\"wp-block-cover__background has-background-background-color has-background-dim-80 has-background-dim\"><\/span><img data-recalc-dims=\"1\" decoding=\"async\" width=\"567\" height=\"567\" class=\"wp-block-cover__image-background wp-image-464\" alt=\"\" src=\"https:\/\/i0.wp.com\/thirylaurent.be\/wp-content\/uploads\/2022\/09\/logo-thiry-pelle-fondblc.png?resize=567%2C567&#038;ssl=1\" style=\"object-position:46% 57%\" data-object-fit=\"cover\" data-object-position=\"46% 57%\" srcset=\"https:\/\/i0.wp.com\/thirylaurent.be\/wp-content\/uploads\/2022\/09\/logo-thiry-pelle-fondblc.png?w=567&amp;ssl=1 567w, https:\/\/i0.wp.com\/thirylaurent.be\/wp-content\/uploads\/2022\/09\/logo-thiry-pelle-fondblc.png?resize=300%2C300&amp;ssl=1 300w, https:\/\/i0.wp.com\/thirylaurent.be\/wp-content\/uploads\/2022\/09\/logo-thiry-pelle-fondblc.png?resize=150%2C150&amp;ssl=1 150w, https:\/\/i0.wp.com\/thirylaurent.be\/wp-content\/uploads\/2022\/09\/logo-thiry-pelle-fondblc.png?resize=500%2C500&amp;ssl=1 500w\" sizes=\"(max-width: 567px) 100vw, 567px\" \/><div class=\"wp-block-cover__inner-container is-layout-flow wp-block-cover-is-layout-flow\">\n<h2 class=\"has-text-align-right wp-block-heading\" style=\"font-size:35px\">Nous nous chargeons de vos projets!<\/h2>\n\n\n\n<p class=\"has-text-align-center has-large-font-size\"><\/p>\n\n\n\n<p class=\"has-text-align-right has-normal-font-size\">Que vous soyez un particulier, un professionnel, une entreprise ou une institution publique, contactez-nous pour nous faire part de votre projet. Nous avons les solutions professionnelles pour r\u00e9pondre \u00e0 vos besoins.<\/p>\n\n\n\n<p class=\"has-text-align-right has-small-font-size\">Nous collectons les donn\u00e9es du formulaire afin de vous adresser par courriel une r\u00e9ponse\/le devis que vous avez sollicit\u00e9. Aucune donn\u00e9e personnelle n\u2019est conserv\u00e9e par notre site via ce formulaire.  Plus d&#8217;informations sur notre page <a href=\"https:\/\/thirylaurent.be\/index.php\/vie-privee-et-rgpd\/\">Vie Priv\u00e9e et RGPD<\/a> <\/p>\n<\/div><\/div>\n<\/div>\n\n\n\n<div class=\"wp-block-column is-layout-flow wp-block-column-is-layout-flow\" style=\"flex-basis:66.66%\">\n<div class=\"wp-block-contact-form-7-contact-form-selector\">\n<div class=\"wpcf7 no-js\" id=\"wpcf7-f277-o1\" lang=\"en-US\" dir=\"ltr\" data-wpcf7-id=\"277\">\n<div class=\"screen-reader-response\"><p role=\"status\" aria-live=\"polite\" aria-atomic=\"true\"><\/p> <ul><\/ul><\/div>\n<form action=\"\/index.php\/wp-json\/wp\/v2\/pages\/183#wpcf7-f277-o1\" method=\"post\" class=\"wpcf7-form init\" aria-label=\"Contact form\" novalidate=\"novalidate\" data-status=\"init\">\n<fieldset class=\"hidden-fields-container\"><input type=\"hidden\" name=\"_wpcf7\" value=\"277\" \/><input type=\"hidden\" name=\"_wpcf7_version\" value=\"6.1.5\" \/><input type=\"hidden\" name=\"_wpcf7_locale\" value=\"en_US\" \/><input type=\"hidden\" name=\"_wpcf7_unit_tag\" value=\"wpcf7-f277-o1\" \/><input type=\"hidden\" name=\"_wpcf7_container_post\" value=\"0\" \/><input type=\"hidden\" name=\"_wpcf7_posted_data_hash\" value=\"\" \/>\n<\/fieldset>\n<p><label> Nom et Pr\u00e9nom<br \/>\n<span class=\"wpcf7-form-control-wrap\" data-name=\"your-name\"><input size=\"40\" maxlength=\"400\" class=\"wpcf7-form-control wpcf7-text wpcf7-validates-as-required\" aria-required=\"true\" aria-invalid=\"false\" value=\"\" type=\"text\" name=\"your-name\" \/><\/span> <\/label>\n<\/p>\n<p><label> Vous \u00eates\/repr\u00e9sentez<br \/>\n<span class=\"wpcf7-form-control-wrap\" data-name=\"type\"><select class=\"wpcf7-form-control wpcf7-select wpcf7-validates-as-required\" aria-required=\"true\" aria-invalid=\"false\" name=\"type\"><option value=\"Un particulier\">Un particulier<\/option><option value=\"Un professionnel\">Un professionnel<\/option><option value=\"Une institution publique\">Une institution publique<\/option><\/select><\/span> <\/label>\n<\/p>\n<p><label> Votre email<br \/>\n<span class=\"wpcf7-form-control-wrap\" data-name=\"your-email\"><input size=\"40\" maxlength=\"400\" class=\"wpcf7-form-control wpcf7-email wpcf7-validates-as-required wpcf7-text wpcf7-validates-as-email\" aria-required=\"true\" aria-invalid=\"false\" value=\"\" type=\"email\" name=\"your-email\" \/><\/span> <\/label>\n<\/p>\n<p><label> Rue et num\u00e9ro du chantier<br \/>\n<span class=\"wpcf7-form-control-wrap\" data-name=\"adresse\"><input size=\"40\" maxlength=\"400\" class=\"wpcf7-form-control wpcf7-text wpcf7-validates-as-required\" aria-required=\"true\" aria-invalid=\"false\" placeholder=\"\" value=\"\" type=\"text\" name=\"adresse\" \/><\/span> <\/label>\n<\/p>\n<p><label> Code postal et localit\u00e9 du chantier<br \/>\n<span class=\"wpcf7-form-control-wrap\" data-name=\"CP\"><input size=\"40\" maxlength=\"400\" class=\"wpcf7-form-control wpcf7-text wpcf7-validates-as-required\" aria-required=\"true\" aria-invalid=\"false\" placeholder=\"\" value=\"\" type=\"text\" name=\"CP\" \/><\/span> <\/label>\n<\/p>\n<p><label> Votre t\u00e9l\u00e9phone<br \/>\n<span class=\"wpcf7-form-control-wrap\" data-name=\"telephone\"><input size=\"40\" maxlength=\"400\" class=\"wpcf7-form-control wpcf7-tel wpcf7-validates-as-required wpcf7-text wpcf7-validates-as-tel\" aria-required=\"true\" aria-invalid=\"false\" value=\"\" type=\"tel\" name=\"telephone\" \/><\/span><\/label>\n<\/p>\n<p><label> Sujet de votre demande<br \/>\n<span class=\"wpcf7-form-control-wrap\" data-name=\"Concerne\"><select class=\"wpcf7-form-control wpcf7-select wpcf7-validates-as-required\" aria-required=\"true\" aria-invalid=\"false\" name=\"Concerne\"><option value=\"Je souhaite poser une question\">Je souhaite poser une question<\/option><option value=\"Je souhaite recevoir un devis\">Je souhaite recevoir un devis<\/option><\/select><\/span> <\/label>\n<\/p>\n<p><label> Merci de fournir quelques informations concernant votre demande<br \/>\n<span class=\"wpcf7-form-control-wrap\" data-name=\"your-message\"><textarea cols=\"40\" rows=\"10\" maxlength=\"2000\" class=\"wpcf7-form-control wpcf7-textarea wpcf7-validates-as-required\" aria-required=\"true\" aria-invalid=\"false\" name=\"your-message\"><\/textarea><\/span> <\/label>\n<\/p>\n<p><span class=\"wpcf7-form-control-wrap\" data-name=\"acceptance-GDPR\"><span class=\"wpcf7-form-control wpcf7-acceptance\"><span class=\"wpcf7-list-item\"><label><input type=\"checkbox\" name=\"acceptance-GDPR\" value=\"1\" aria-invalid=\"false\" \/><span class=\"wpcf7-list-item-label\">En soumettant ce formulaire, j'accepte que les informations saisies soient exploit\u00e9es dans le cadre de la demande d'informations\/de devis et de la relation commerciale qui peut en d\u00e9couler. Le traitement des donn\u00e9es est soumis \u00e0 notre politique de confidentialit\u00e9.<\/span><\/label><\/span><\/span><\/span>\n<\/p>\n<p><input class=\"wpcf7-form-control wpcf7-submit has-spinner\" type=\"submit\" value=\"Envoyer!\" \/>\n<\/p><p style=\"display: none !important;\" class=\"akismet-fields-container\" data-prefix=\"_wpcf7_ak_\"><label>&#916;<textarea name=\"_wpcf7_ak_hp_textarea\" cols=\"45\" rows=\"8\" maxlength=\"100\"><\/textarea><\/label><input type=\"hidden\" id=\"ak_js_1\" name=\"_wpcf7_ak_js\" value=\"16\"\/><script type=\"text\/javascript\">\n\/* <![CDATA[ *\/\ndocument.getElementById( \"ak_js_1\" ).setAttribute( \"value\", ( new Date() ).getTime() );\n\/* ]]> *\/\n<\/script>\n<\/p><div class=\"wpcf7-response-output\" aria-hidden=\"true\"><\/div>\n<\/form>\n<\/div>\n<\/div>\n<\/div>\n<\/div>\n\n\n\n<div class=\"wp-block-cover alignfull is-light has-parallax\" style=\"background-image:url(https:\/\/thirylaurent.be\/wp-content\/uploads\/2022\/09\/DJI_0288-scaled.jpg);min-height:573px;aspect-ratio:unset;\"><span aria-hidden=\"true\" class=\"wp-block-cover__background has-background-dim\"><\/span><div class=\"wp-block-cover__inner-container is-layout-flow wp-block-cover-is-layout-flow\">\n<p class=\"has-text-align-center has-background-color has-text-color has-large-font-size\"><\/p>\n\n\n\n<hr class=\"wp-block-separator has-text-color has-background-color has-alpha-channel-opacity has-background-background-color has-background is-style-wide\"\/>\n\n\n\n<div class=\"wp-block-columns is-layout-flex wp-container-core-columns-is-layout-28f84493 wp-block-columns-is-layout-flex\">\n<div class=\"wp-block-column is-layout-flow wp-block-column-is-layout-flow\">\n<p class=\"has-text-align-right has-background-color has-text-color has-normal-font-size\"><img data-recalc-dims=\"1\" decoding=\"async\" width=\"30\" height=\"30\" class=\"wp-image-199\" style=\"width: 30px;\" src=\"https:\/\/i0.wp.com\/thirylaurent.be\/wp-content\/uploads\/2022\/09\/picto-map.png?resize=30%2C30&#038;ssl=1\" alt=\"\" srcset=\"https:\/\/i0.wp.com\/thirylaurent.be\/wp-content\/uploads\/2022\/09\/picto-map.png?w=545&amp;ssl=1 545w, https:\/\/i0.wp.com\/thirylaurent.be\/wp-content\/uploads\/2022\/09\/picto-map.png?resize=300%2C300&amp;ssl=1 300w, https:\/\/i0.wp.com\/thirylaurent.be\/wp-content\/uploads\/2022\/09\/picto-map.png?resize=150%2C150&amp;ssl=1 150w, https:\/\/i0.wp.com\/thirylaurent.be\/wp-content\/uploads\/2022\/09\/picto-map.png?resize=500%2C500&amp;ssl=1 500w\" sizes=\"(max-width: 30px) 100vw, 30px\" \/>Thiry Laurent sprl<br>Chemin de Martelange 38c<br>B-6640 Cobreville<br>TVA: BE 0476.982.652<\/p>\n<\/div>\n\n\n\n<div class=\"wp-block-column is-layout-flow wp-block-column-is-layout-flow\" style=\"flex-basis:207px\">\n<p class=\"has-text-align-center has-background-color has-text-color\"><img data-recalc-dims=\"1\" decoding=\"async\" width=\"30\" height=\"30\" class=\"wp-image-200\" style=\"width: 30px;\" src=\"https:\/\/i0.wp.com\/thirylaurent.be\/wp-content\/uploads\/2022\/09\/picto-mail.png?resize=30%2C30&#038;ssl=1\" alt=\"\" srcset=\"https:\/\/i0.wp.com\/thirylaurent.be\/wp-content\/uploads\/2022\/09\/picto-mail.png?w=545&amp;ssl=1 545w, https:\/\/i0.wp.com\/thirylaurent.be\/wp-content\/uploads\/2022\/09\/picto-mail.png?resize=300%2C300&amp;ssl=1 300w, https:\/\/i0.wp.com\/thirylaurent.be\/wp-content\/uploads\/2022\/09\/picto-mail.png?resize=150%2C150&amp;ssl=1 150w, https:\/\/i0.wp.com\/thirylaurent.be\/wp-content\/uploads\/2022\/09\/picto-mail.png?resize=500%2C500&amp;ssl=1 500w\" sizes=\"(max-width: 30px) 100vw, 30px\" \/>info@thirylaurent.be<\/p>\n<\/div>\n\n\n\n<div class=\"wp-block-column is-layout-flow wp-block-column-is-layout-flow\" style=\"flex-basis:180px\">\n<p class=\"has-background-color has-text-color has-normal-font-size\"><img data-recalc-dims=\"1\" decoding=\"async\" width=\"30\" height=\"30\" class=\"wp-image-189\" style=\"width: 30px;\" src=\"https:\/\/i0.wp.com\/thirylaurent.be\/wp-content\/uploads\/2022\/09\/picto-telephone.png?resize=30%2C30&#038;ssl=1\" alt=\"\" srcset=\"https:\/\/i0.wp.com\/thirylaurent.be\/wp-content\/uploads\/2022\/09\/picto-telephone.png?w=545&amp;ssl=1 545w, https:\/\/i0.wp.com\/thirylaurent.be\/wp-content\/uploads\/2022\/09\/picto-telephone.png?resize=300%2C300&amp;ssl=1 300w, https:\/\/i0.wp.com\/thirylaurent.be\/wp-content\/uploads\/2022\/09\/picto-telephone.png?resize=150%2C150&amp;ssl=1 150w, https:\/\/i0.wp.com\/thirylaurent.be\/wp-content\/uploads\/2022\/09\/picto-telephone.png?resize=500%2C500&amp;ssl=1 500w\" sizes=\"(max-width: 30px) 100vw, 30px\" \/>+32 61 50 02 91<br><img data-recalc-dims=\"1\" decoding=\"async\" width=\"30\" height=\"30\" class=\"wp-image-190\" style=\"width: 30px;\" src=\"https:\/\/i0.wp.com\/thirylaurent.be\/wp-content\/uploads\/2022\/09\/picto-mobile.png?resize=30%2C30&#038;ssl=1\" alt=\"\" srcset=\"https:\/\/i0.wp.com\/thirylaurent.be\/wp-content\/uploads\/2022\/09\/picto-mobile.png?w=545&amp;ssl=1 545w, https:\/\/i0.wp.com\/thirylaurent.be\/wp-content\/uploads\/2022\/09\/picto-mobile.png?resize=300%2C300&amp;ssl=1 300w, https:\/\/i0.wp.com\/thirylaurent.be\/wp-content\/uploads\/2022\/09\/picto-mobile.png?resize=150%2C150&amp;ssl=1 150w, https:\/\/i0.wp.com\/thirylaurent.be\/wp-content\/uploads\/2022\/09\/picto-mobile.png?resize=500%2C500&amp;ssl=1 500w\" sizes=\"(max-width: 30px) 100vw, 30px\" \/>+32 473 97 62 92<\/p>\n<\/div>\n<\/div>\n<\/div><\/div>\n\n\n\n<p><\/p>\n","protected":false},"excerpt":{"rendered":"","protected":false},"author":1,"featured_media":0,"parent":0,"menu_order":0,"comment_status":"closed","ping_status":"closed","template":"","meta":{"om_disable_all_campaigns":false,"footnotes":""},"class_list":["post-183","page","type-page","status-publish","hentry","entry"],"aioseo_notices":[],"jetpack_sharing_enabled":true,"_links":{"self":[{"href":"https:\/\/thirylaurent.be\/index.php\/wp-json\/wp\/v2\/pages\/183","targetHints":{"allow":["GET"]}}],"collection":[{"href":"https:\/\/thirylaurent.be\/index.php\/wp-json\/wp\/v2\/pages"}],"about":[{"href":"https:\/\/thirylaurent.be\/index.php\/wp-json\/wp\/v2\/types\/page"}],"author":[{"embeddable":true,"href":"https:\/\/thirylaurent.be\/index.php\/wp-json\/wp\/v2\/users\/1"}],"replies":[{"embeddable":true,"href":"https:\/\/thirylaurent.be\/index.php\/wp-json\/wp\/v2\/comments?post=183"}],"version-history":[{"count":5,"href":"https:\/\/thirylaurent.be\/index.php\/wp-json\/wp\/v2\/pages\/183\/revisions"}],"predecessor-version":[{"id":603,"href":"https:\/\/thirylaurent.be\/index.php\/wp-json\/wp\/v2\/pages\/183\/revisions\/603"}],"wp:attachment":[{"href":"https:\/\/thirylaurent.be\/index.php\/wp-json\/wp\/v2\/media?parent=183"}],"curies":[{"name":"wp","href":"https:\/\/api.w.org\/{rel}","templated":true}]}}